{"id":5392,"date":"2022-03-18T09:28:38","date_gmt":"2022-03-18T14:28:38","guid":{"rendered":"https:\/\/lacalmie.com\/packages-and-gift-certificates\/"},"modified":"2022-03-18T09:29:58","modified_gmt":"2022-03-18T14:29:58","slug":"packages-and-gift-certificates","status":"publish","type":"page","link":"https:\/\/lacalmie.com\/en\/packages-and-gift-certificates\/","title":{"rendered":"Packages and gift certificates"},"content":{"rendered":"\t\t<div data-elementor-type=\"wp-page\" data-elementor-id=\"5392\" class=\"elementor elementor-5392 elementor-4269\" data-elementor-post-type=\"page\">\n\t\t\t\t\t\t<section class=\"elementor-section elementor-top-section elementor-element elementor-element-eb05db4 elementor-section-boxed elementor-section-height-default elementor-section-height-default sc_fly_static\" data-id=\"eb05db4\" data-element_type=\"section\">\n\t\t\t\t\t\t<div class=\"elementor-container elementor-column-gap-extended\">\n\t\t\t\t\t<div class=\"elementor-column elementor-col-100 elementor-top-column elementor-element elementor-element-41819e9 sc_content_align_inherit sc_layouts_column_icons_position_left sc_fly_static\" data-id=\"41819e9\" data-element_type=\"column\">\n\t\t\t<div class=\"elementor-widget-wrap elementor-element-populated\">\n\t\t\t\t\t\t<div class=\"elementor-element elementor-element-69e7122 sc_fly_static elementor-widget elementor-widget-trx_sc_services\" data-id=\"69e7122\" data-element_type=\"widget\" data-widget_type=\"trx_sc_services.default\">\n\t\t\t\t<div class=\"elementor-widget-container\">\n\t\t\t\t\t<div class=\"sc_services sc_services_default sc_services_featured_top\"><div class=\"sc_services_columns_wrap sc_item_columns sc_item_posts_container sc_item_columns_2 trx_addons_columns_wrap columns_padding_bottom\"><div class=\"trx_addons_column-1_2\"><div data-post-id=\"5380\" class=\"sc_services_item sc_item_container post_container with_content with_image sc_services_item_featured_top post-5380 product type-product status-publish has-post-thumbnail product_cat-acalmie-offers product_cat-packages first instock taxable shipping-taxable purchasable product-type-simple\" data-item-number=\"1\"\r\n>\r\n\t<div class=\"post_featured with_thumb hover_link sc_services_item_thumb\"><img fetchpriority=\"high\" decoding=\"async\" width=\"890\" height=\"664\" src=\"https:\/\/lacalmie.com\/wp-content\/uploads\/2022\/02\/produit-forfait-relaxation-v2b-min-890x664.jpg\" class=\"attachment-qwery-thumb-square size-qwery-thumb-square wp-post-image\" alt=\"\" \/>\t\t\t\t\t\t<div class=\"mask\"><\/div>\n\t\t\t\t\t\t<span class=\"sc_services_item_price\"><span class=\"woocommerce-Price-amount amount\"><bdi><span class=\"woocommerce-Price-currencySymbol\">&#36;<\/span>236.30<\/bdi><\/span><\/span><a class=\"post_link sc_services_item_link\" href=\"https:\/\/lacalmie.com\/en\/product\/total-relaxation\/\"><\/a>\t\t\t<a href=\"https:\/\/lacalmie.com\/en\/product\/total-relaxation\/\"  aria-hidden=\"true\" class=\"link\"><\/a>\r\n\t\t\t<\/div>\t\r\n\t<div class=\"sc_services_item_info\">\r\n\t\t\t\t<div class=\"sc_services_item_header\">\r\n\t\t\t\t\t\t<h4 class=\"sc_services_item_title entry-title\"><a href=\"https:\/\/lacalmie.com\/en\/product\/total-relaxation\/\">Total relaxation<\/a><\/h4>\r\n            \t\t<\/div>\r\n\t\t                    <div class=\"sc_services_item_content\"><p>Algomask face care (GM Collin). Relaxing massage (1-hour). Pedicure.<\/p>\n<\/div><div class=\"sc_services_item_button sc_item_button\">\r\n            <a href=\"https:\/\/lacalmie.com\/en\/product\/total-relaxation\/\" class=\"sc_services_item_more_link\">\r\n                <span class=\"link_text\">Shop<\/span><span class=\"link_icon\"><\/span>\r\n            <\/a>\r\n            <\/div><\/div>\r\n<\/div>\r\n<\/div><div class=\"trx_addons_column-1_2\"><div data-post-id=\"5381\" class=\"sc_services_item sc_item_container post_container with_content with_image sc_services_item_featured_top post-5381 product type-product status-publish has-post-thumbnail product_cat-acalmie-offers product_cat-packages  instock taxable shipping-taxable purchasable product-type-simple\" data-item-number=\"2\"\r\n>\r\n\t<div class=\"post_featured with_thumb hover_link sc_services_item_thumb\"><img decoding=\"async\" width=\"890\" height=\"664\" src=\"https:\/\/lacalmie.com\/wp-content\/uploads\/2022\/02\/produit-forfait-bel-homme-facial-massage-sportif-min-890x664.jpg\" class=\"attachment-qwery-thumb-square size-qwery-thumb-square wp-post-image\" alt=\"\" \/>\t\t\t\t\t\t<div class=\"mask\"><\/div>\n\t\t\t\t\t\t<span class=\"sc_services_item_price\"><span class=\"woocommerce-Price-amount amount\"><bdi><span class=\"woocommerce-Price-currencySymbol\">&#36;<\/span>195.00<\/bdi><\/span><\/span><a class=\"post_link sc_services_item_link\" href=\"https:\/\/lacalmie.com\/en\/product\/nice-guy\/\"><\/a>\t\t\t<a href=\"https:\/\/lacalmie.com\/en\/product\/nice-guy\/\"  aria-hidden=\"true\" class=\"link\"><\/a>\r\n\t\t\t<\/div>\t\r\n\t<div class=\"sc_services_item_info\">\r\n\t\t\t\t<div class=\"sc_services_item_header\">\r\n\t\t\t\t\t\t<h4 class=\"sc_services_item_title entry-title\"><a href=\"https:\/\/lacalmie.com\/en\/product\/nice-guy\/\">Nice Guy<\/a><\/h4>\r\n            \t\t<\/div>\r\n\t\t                    <div class=\"sc_services_item_content\"><p>1h massage. Men Face Care.<\/p>\n<\/div><div class=\"sc_services_item_button sc_item_button\">\r\n            <a href=\"https:\/\/lacalmie.com\/en\/product\/nice-guy\/\" class=\"sc_services_item_more_link\">\r\n                <span class=\"link_text\">Shop<\/span><span class=\"link_icon\"><\/span>\r\n            <\/a>\r\n            <\/div><\/div>\r\n<\/div>\r\n<\/div><div class=\"trx_addons_column-1_2\"><div data-post-id=\"5382\" class=\"sc_services_item sc_item_container post_container with_content with_image sc_services_item_featured_top post-5382 product type-product status-publish has-post-thumbnail product_cat-acalmie-offers product_cat-packages last instock taxable shipping-taxable purchasable product-type-simple\" data-item-number=\"3\"\r\n>\r\n\t<div class=\"post_featured with_thumb hover_link sc_services_item_thumb\"><img decoding=\"async\" width=\"890\" height=\"664\" src=\"https:\/\/lacalmie.com\/wp-content\/uploads\/2022\/02\/produit-forfait-peau-etincelante-exfoliation-facial-algue-890x664.jpg\" class=\"attachment-qwery-thumb-square size-qwery-thumb-square wp-post-image\" alt=\"\" \/>\t\t\t\t\t\t<div class=\"mask\"><\/div>\n\t\t\t\t\t\t<span class=\"sc_services_item_price\"><span class=\"woocommerce-Price-amount amount\"><bdi><span class=\"woocommerce-Price-currencySymbol\">&#36;<\/span>267.75<\/bdi><\/span><\/span><a class=\"post_link sc_services_item_link\" href=\"https:\/\/lacalmie.com\/en\/product\/shining-skin\/\"><\/a>\t\t\t<a href=\"https:\/\/lacalmie.com\/en\/product\/shining-skin\/\"  aria-hidden=\"true\" class=\"link\"><\/a>\r\n\t\t\t<\/div>\t\r\n\t<div class=\"sc_services_item_info\">\r\n\t\t\t\t<div class=\"sc_services_item_header\">\r\n\t\t\t\t\t\t<h4 class=\"sc_services_item_title entry-title\"><a href=\"https:\/\/lacalmie.com\/en\/product\/shining-skin\/\">Shining Skin<\/a><\/h4>\r\n            \t\t<\/div>\r\n\t\t                    <div class=\"sc_services_item_content\"><p>Sea c spa (G.M.Collin) face care. Body exfoliation. Algae body wrap.<\/p>\n<\/div><div class=\"sc_services_item_button sc_item_button\">\r\n            <a href=\"https:\/\/lacalmie.com\/en\/product\/shining-skin\/\" class=\"sc_services_item_more_link\">\r\n                <span class=\"link_text\">Shop<\/span><span class=\"link_icon\"><\/span>\r\n            <\/a>\r\n            <\/div><\/div>\r\n<\/div>\r\n<\/div><div class=\"trx_addons_column-1_2\"><div data-post-id=\"5390\" class=\"sc_services_item sc_item_container post_container with_content with_image sc_services_item_featured_top post-5390 product type-product status-publish has-post-thumbnail product_cat-acalmie-offers product_cat-packages first instock taxable shipping-taxable purchasable product-type-simple\" data-item-number=\"4\"\r\n>\r\n\t<div class=\"post_featured with_thumb hover_link sc_services_item_thumb\"><img loading=\"lazy\" decoding=\"async\" width=\"890\" height=\"664\" src=\"https:\/\/lacalmie.com\/wp-content\/uploads\/2022\/02\/produit-forfait-doigts-de-velours-pedicure-reflexologie-manucure-min-890x664.jpg\" class=\"attachment-qwery-thumb-square size-qwery-thumb-square wp-post-image\" alt=\"\" \/>\t\t\t\t\t\t<div class=\"mask\"><\/div>\n\t\t\t\t\t\t<span class=\"sc_services_item_price\"><span class=\"woocommerce-Price-amount amount\"><bdi><span class=\"woocommerce-Price-currencySymbol\">&#36;<\/span>225.00<\/bdi><\/span><\/span><a class=\"post_link sc_services_item_link\" href=\"https:\/\/lacalmie.com\/en\/product\/velvet-fingers\/\"><\/a>\t\t\t<a href=\"https:\/\/lacalmie.com\/en\/product\/velvet-fingers\/\"  aria-hidden=\"true\" class=\"link\"><\/a>\r\n\t\t\t<\/div>\t\r\n\t<div class=\"sc_services_item_info\">\r\n\t\t\t\t<div class=\"sc_services_item_header\">\r\n\t\t\t\t\t\t<h4 class=\"sc_services_item_title entry-title\"><a href=\"https:\/\/lacalmie.com\/en\/product\/velvet-fingers\/\">Velvet Fingers<\/a><\/h4>\r\n            \t\t<\/div>\r\n\t\t                    <div class=\"sc_services_item_content\"><p>Pedicure. Reflexology. Manicure and paraffin.<\/p>\n<\/div><div class=\"sc_services_item_button sc_item_button\">\r\n            <a href=\"https:\/\/lacalmie.com\/en\/product\/velvet-fingers\/\" class=\"sc_services_item_more_link\">\r\n                <span class=\"link_text\">Shop<\/span><span class=\"link_icon\"><\/span>\r\n            <\/a>\r\n            <\/div><\/div>\r\n<\/div>\r\n<\/div><\/div><\/div>\t\t\t\t<\/div>\n\t\t\t\t<\/div>\n\t\t\t\t<div class=\"elementor-element elementor-element-0c0ec74 sc_fly_static elementor-widget elementor-widget-trx_sc_services\" data-id=\"0c0ec74\" data-element_type=\"widget\" data-widget_type=\"trx_sc_services.default\">\n\t\t\t\t<div class=\"elementor-widget-container\">\n\t\t\t\t\t<div class=\"sc_services sc_services_default sc_services_featured_top\"><div class=\"sc_services_columns_wrap sc_item_columns sc_item_posts_container sc_item_columns_2 trx_addons_columns_wrap columns_padding_bottom columns_in_single_row\"><div class=\"trx_addons_column-1_2\"><div data-post-id=\"5383\" class=\"sc_services_item sc_item_container post_container with_content with_image sc_services_item_featured_top post-5383 product type-product status-publish has-post-thumbnail product_cat-acalmie-offers product_cat-gift-certificates  instock purchasable product-type-variable\" data-item-number=\"1\"\r\n>\r\n\t<div class=\"post_featured with_thumb hover_link sc_services_item_thumb\"><img loading=\"lazy\" decoding=\"async\" width=\"890\" height=\"664\" src=\"https:\/\/lacalmie.com\/wp-content\/uploads\/2022\/02\/produit-certificat-cadeau-acalmie-centre-beaute-v2-890x664.jpg\" class=\"attachment-qwery-thumb-square size-qwery-thumb-square wp-post-image\" alt=\"\" \/>\t\t\t\t\t\t<div class=\"mask\"><\/div>\n\t\t\t\t\t\t<span class=\"sc_services_item_price\"><span class=\"woocommerce-Price-amount amount\"><bdi><span class=\"woocommerce-Price-currencySymbol\">&#36;<\/span>25.00<\/bdi><\/span> &ndash; <span class=\"woocommerce-Price-amount amount\"><bdi><span class=\"woocommerce-Price-currencySymbol\">&#36;<\/span>500.00<\/bdi><\/span><\/span><a class=\"post_link sc_services_item_link\" href=\"https:\/\/lacalmie.com\/en\/product\/gift-certificate\/\"><\/a>\t\t\t<a href=\"https:\/\/lacalmie.com\/en\/product\/gift-certificate\/\"  aria-hidden=\"true\" class=\"link\"><\/a>\r\n\t\t\t<\/div>\t\r\n\t<div class=\"sc_services_item_info\">\r\n\t\t\t\t<div class=\"sc_services_item_header\">\r\n\t\t\t\t\t\t<h4 class=\"sc_services_item_title entry-title\"><a href=\"https:\/\/lacalmie.com\/en\/product\/gift-certificate\/\">Gift Certificate<\/a><\/h4>\r\n            \t\t<\/div>\r\n\t\t                    <div class=\"sc_services_item_content\"><p>Give your friends and family the best gift ever for their bodies.<\/p>\n<\/div><div class=\"sc_services_item_button sc_item_button\">\r\n            <a href=\"https:\/\/lacalmie.com\/en\/product\/gift-certificate\/\" class=\"sc_services_item_more_link\">\r\n                <span class=\"link_text\">Shop<\/span><span class=\"link_icon\"><\/span>\r\n            <\/a>\r\n            <\/div><\/div>\r\n<\/div>\r\n<\/div><\/div><\/div>\t\t\t\t<\/div>\n\t\t\t\t<\/div>\n\t\t\t\t\t<\/div>\n\t\t<\/div>\n\t\t\t\t\t<\/div>\n\t\t<\/section>\n\t\t\t\t<\/div>\n\t\t","protected":false},"excerpt":{"rendered":"<p>$165.00 Doigts de velours P\u00e9dicure R\u00e9flexologie Manucure et paraffine des mains Shop $246.00 Peau \u00e9tincelante Facial sea c spa (G.M.Collin). Exfoliation du corps. Enveloppement aux algues. Shop $199.00 Relaxation totale&hellip;<\/p>\n","protected":false},"author":3,"featured_media":4003,"parent":0,"menu_order":0,"comment_status":"closed","ping_status":"closed","template":"","meta":{"footnotes":""},"class_list":["post-5392","page","type-page","status-publish","has-post-thumbnail","hentry"],"yoast_head":"<!-- This site is optimized with the Yoast SEO plugin v25.3 - https:\/\/yoast.com\/wordpress\/plugins\/seo\/ -->\n<title>Packages and gift certificates | L&#039;Acalmie<\/title>\n<meta name=\"robots\" content=\"index, follow, max-snippet:-1, max-image-preview:large, max-video-preview:-1\" \/>\n<link rel=\"canonical\" href=\"https:\/\/lacalmie.com\/en\/packages-and-gift-certificates\/\" \/>\n<meta property=\"og:locale\" content=\"en_US\" \/>\n<meta property=\"og:type\" content=\"article\" \/>\n<meta property=\"og:title\" content=\"Packages and gift certificates | L&#039;Acalmie\" \/>\n<meta property=\"og:description\" content=\"$165.00 Doigts de velours P\u00e9dicure R\u00e9flexologie Manucure et paraffine des mains Shop $246.00 Peau \u00e9tincelante Facial sea c spa (G.M.Collin). Exfoliation du corps. Enveloppement aux algues. Shop $199.00 Relaxation totale&hellip;\" \/>\n<meta property=\"og:url\" content=\"https:\/\/lacalmie.com\/en\/packages-and-gift-certificates\/\" \/>\n<meta property=\"og:site_name\" content=\"L&#039;Acalmie\" \/>\n<meta property=\"article:modified_time\" content=\"2022-03-18T14:29:58+00:00\" \/>\n<meta property=\"og:image\" content=\"https:\/\/h9w02d.a2cdn1.secureserver.net\/wp-content\/uploads\/2022\/02\/slide-home-bg1-min-scaled.jpg?time=1670619841\" \/>\n\t<meta property=\"og:image:width\" content=\"2560\" \/>\n\t<meta property=\"og:image:height\" content=\"1706\" \/>\n\t<meta property=\"og:image:type\" content=\"image\/jpeg\" \/>\n<meta name=\"twitter:card\" content=\"summary_large_image\" \/>\n<meta name=\"twitter:label1\" content=\"Est. reading time\" \/>\n\t<meta name=\"twitter:data1\" content=\"2 minutes\" \/>\n<script type=\"application\/ld+json\" class=\"yoast-schema-graph\">{\"@context\":\"https:\/\/schema.org\",\"@graph\":[{\"@type\":\"WebPage\",\"@id\":\"https:\/\/lacalmie.com\/en\/packages-and-gift-certificates\/\",\"url\":\"https:\/\/lacalmie.com\/en\/packages-and-gift-certificates\/\",\"name\":\"Packages and gift certificates | L&#039;Acalmie\",\"isPartOf\":{\"@id\":\"https:\/\/lacalmie.com\/en\/#website\"},\"primaryImageOfPage\":{\"@id\":\"https:\/\/lacalmie.com\/en\/packages-and-gift-certificates\/#primaryimage\"},\"image\":{\"@id\":\"https:\/\/lacalmie.com\/en\/packages-and-gift-certificates\/#primaryimage\"},\"thumbnailUrl\":\"https:\/\/lacalmie.com\/wp-content\/uploads\/2022\/02\/slide-home-bg1-min-scaled.jpg\",\"datePublished\":\"2022-03-18T14:28:38+00:00\",\"dateModified\":\"2022-03-18T14:29:58+00:00\",\"breadcrumb\":{\"@id\":\"https:\/\/lacalmie.com\/en\/packages-and-gift-certificates\/#breadcrumb\"},\"inLanguage\":\"en-US\",\"potentialAction\":[{\"@type\":\"ReadAction\",\"target\":[\"https:\/\/lacalmie.com\/en\/packages-and-gift-certificates\/\"]}]},{\"@type\":\"ImageObject\",\"inLanguage\":\"en-US\",\"@id\":\"https:\/\/lacalmie.com\/en\/packages-and-gift-certificates\/#primaryimage\",\"url\":\"https:\/\/lacalmie.com\/wp-content\/uploads\/2022\/02\/slide-home-bg1-min-scaled.jpg\",\"contentUrl\":\"https:\/\/lacalmie.com\/wp-content\/uploads\/2022\/02\/slide-home-bg1-min-scaled.jpg\",\"width\":2560,\"height\":1706},{\"@type\":\"BreadcrumbList\",\"@id\":\"https:\/\/lacalmie.com\/en\/packages-and-gift-certificates\/#breadcrumb\",\"itemListElement\":[{\"@type\":\"ListItem\",\"position\":1,\"name\":\"Accueil\",\"item\":\"https:\/\/lacalmie.com\/en\/\"},{\"@type\":\"ListItem\",\"position\":2,\"name\":\"Packages and gift certificates\"}]},{\"@type\":\"WebSite\",\"@id\":\"https:\/\/lacalmie.com\/en\/#website\",\"url\":\"https:\/\/lacalmie.com\/en\/\",\"name\":\"L&#039;Acalmie\",\"description\":\"L&#039;Acalmie, votre destination d\u00e9tente\",\"publisher\":{\"@id\":\"https:\/\/lacalmie.com\/en\/#organization\"},\"potentialAction\":[{\"@type\":\"SearchAction\",\"target\":{\"@type\":\"EntryPoint\",\"urlTemplate\":\"https:\/\/lacalmie.com\/en\/?s={search_term_string}\"},\"query-input\":{\"@type\":\"PropertyValueSpecification\",\"valueRequired\":true,\"valueName\":\"search_term_string\"}}],\"inLanguage\":\"en-US\"},{\"@type\":\"Organization\",\"@id\":\"https:\/\/lacalmie.com\/en\/#organization\",\"name\":\"Centre De Sant\u00e9 Et Beaut\u00e9 L'Acalmie\",\"url\":\"https:\/\/lacalmie.com\/en\/\",\"logo\":{\"@type\":\"ImageObject\",\"inLanguage\":\"en-US\",\"@id\":\"https:\/\/lacalmie.com\/en\/#\/schema\/logo\/image\/\",\"url\":\"https:\/\/lacalmie.com\/wp-content\/uploads\/2022\/02\/lacalmie-logo-black_1x.png\",\"contentUrl\":\"https:\/\/lacalmie.com\/wp-content\/uploads\/2022\/02\/lacalmie-logo-black_1x.png\",\"width\":238,\"height\":48,\"caption\":\"Centre De Sant\u00e9 Et Beaut\u00e9 L'Acalmie\"},\"image\":{\"@id\":\"https:\/\/lacalmie.com\/en\/#\/schema\/logo\/image\/\"}}]}<\/script>\n<!-- \/ Yoast SEO plugin. -->","yoast_head_json":{"title":"Packages and gift certificates | L&#039;Acalmie","robots":{"index":"index","follow":"follow","max-snippet":"max-snippet:-1","max-image-preview":"max-image-preview:large","max-video-preview":"max-video-preview:-1"},"canonical":"https:\/\/lacalmie.com\/en\/packages-and-gift-certificates\/","og_locale":"en_US","og_type":"article","og_title":"Packages and gift certificates | L&#039;Acalmie","og_description":"$165.00 Doigts de velours P\u00e9dicure R\u00e9flexologie Manucure et paraffine des mains Shop $246.00 Peau \u00e9tincelante Facial sea c spa (G.M.Collin). Exfoliation du corps. Enveloppement aux algues. Shop $199.00 Relaxation totale&hellip;","og_url":"https:\/\/lacalmie.com\/en\/packages-and-gift-certificates\/","og_site_name":"L&#039;Acalmie","article_modified_time":"2022-03-18T14:29:58+00:00","og_image":[{"width":2560,"height":1706,"url":"https:\/\/h9w02d.a2cdn1.secureserver.net\/wp-content\/uploads\/2022\/02\/slide-home-bg1-min-scaled.jpg?time=1670619841","type":"image\/jpeg"}],"twitter_card":"summary_large_image","twitter_misc":{"Est. reading time":"2 minutes"},"schema":{"@context":"https:\/\/schema.org","@graph":[{"@type":"WebPage","@id":"https:\/\/lacalmie.com\/en\/packages-and-gift-certificates\/","url":"https:\/\/lacalmie.com\/en\/packages-and-gift-certificates\/","name":"Packages and gift certificates | L&#039;Acalmie","isPartOf":{"@id":"https:\/\/lacalmie.com\/en\/#website"},"primaryImageOfPage":{"@id":"https:\/\/lacalmie.com\/en\/packages-and-gift-certificates\/#primaryimage"},"image":{"@id":"https:\/\/lacalmie.com\/en\/packages-and-gift-certificates\/#primaryimage"},"thumbnailUrl":"https:\/\/lacalmie.com\/wp-content\/uploads\/2022\/02\/slide-home-bg1-min-scaled.jpg","datePublished":"2022-03-18T14:28:38+00:00","dateModified":"2022-03-18T14:29:58+00:00","breadcrumb":{"@id":"https:\/\/lacalmie.com\/en\/packages-and-gift-certificates\/#breadcrumb"},"inLanguage":"en-US","potentialAction":[{"@type":"ReadAction","target":["https:\/\/lacalmie.com\/en\/packages-and-gift-certificates\/"]}]},{"@type":"ImageObject","inLanguage":"en-US","@id":"https:\/\/lacalmie.com\/en\/packages-and-gift-certificates\/#primaryimage","url":"https:\/\/lacalmie.com\/wp-content\/uploads\/2022\/02\/slide-home-bg1-min-scaled.jpg","contentUrl":"https:\/\/lacalmie.com\/wp-content\/uploads\/2022\/02\/slide-home-bg1-min-scaled.jpg","width":2560,"height":1706},{"@type":"BreadcrumbList","@id":"https:\/\/lacalmie.com\/en\/packages-and-gift-certificates\/#breadcrumb","itemListElement":[{"@type":"ListItem","position":1,"name":"Accueil","item":"https:\/\/lacalmie.com\/en\/"},{"@type":"ListItem","position":2,"name":"Packages and gift certificates"}]},{"@type":"WebSite","@id":"https:\/\/lacalmie.com\/en\/#website","url":"https:\/\/lacalmie.com\/en\/","name":"L&#039;Acalmie","description":"L&#039;Acalmie, votre destination d\u00e9tente","publisher":{"@id":"https:\/\/lacalmie.com\/en\/#organization"},"potentialAction":[{"@type":"SearchAction","target":{"@type":"EntryPoint","urlTemplate":"https:\/\/lacalmie.com\/en\/?s={search_term_string}"},"query-input":{"@type":"PropertyValueSpecification","valueRequired":true,"valueName":"search_term_string"}}],"inLanguage":"en-US"},{"@type":"Organization","@id":"https:\/\/lacalmie.com\/en\/#organization","name":"Centre De Sant\u00e9 Et Beaut\u00e9 L'Acalmie","url":"https:\/\/lacalmie.com\/en\/","logo":{"@type":"ImageObject","inLanguage":"en-US","@id":"https:\/\/lacalmie.com\/en\/#\/schema\/logo\/image\/","url":"https:\/\/lacalmie.com\/wp-content\/uploads\/2022\/02\/lacalmie-logo-black_1x.png","contentUrl":"https:\/\/lacalmie.com\/wp-content\/uploads\/2022\/02\/lacalmie-logo-black_1x.png","width":238,"height":48,"caption":"Centre De Sant\u00e9 Et Beaut\u00e9 L'Acalmie"},"image":{"@id":"https:\/\/lacalmie.com\/en\/#\/schema\/logo\/image\/"}}]}},"_links":{"self":[{"href":"https:\/\/lacalmie.com\/en\/wp-json\/wp\/v2\/pages\/5392","targetHints":{"allow":["GET"]}}],"collection":[{"href":"https:\/\/lacalmie.com\/en\/wp-json\/wp\/v2\/pages"}],"about":[{"href":"https:\/\/lacalmie.com\/en\/wp-json\/wp\/v2\/types\/page"}],"author":[{"embeddable":true,"href":"https:\/\/lacalmie.com\/en\/wp-json\/wp\/v2\/users\/3"}],"replies":[{"embeddable":true,"href":"https:\/\/lacalmie.com\/en\/wp-json\/wp\/v2\/comments?post=5392"}],"version-history":[{"count":0,"href":"https:\/\/lacalmie.com\/en\/wp-json\/wp\/v2\/pages\/5392\/revisions"}],"wp:featuredmedia":[{"embeddable":true,"href":"https:\/\/lacalmie.com\/en\/wp-json\/wp\/v2\/media\/4003"}],"wp:attachment":[{"href":"https:\/\/lacalmie.com\/en\/wp-json\/wp\/v2\/media?parent=5392"}],"curies":[{"name":"wp","href":"https:\/\/api.w.org\/{rel}","templated":true}]}}